{"id":10355,"date":"2024-03-14T11:20:50","date_gmt":"2024-03-14T10:20:50","guid":{"rendered":"https:\/\/pulsarenergies.fr\/?page_id=10355"},"modified":"2024-04-08T01:56:48","modified_gmt":"2024-04-07T23:56:48","slug":"entreprise","status":"publish","type":"page","link":"https:\/\/pulsarenergies.fr\/index.php\/entreprise\/","title":{"rendered":"Entreprise"},"content":{"rendered":"<style>\/*! elementor - v3.20.0 - 26-03-2024 *\/\n.elementor-column .elementor-spacer-inner{height:var(--spacer-size)}.e-con{--container-widget-width:100%}.e-con-inner>.elementor-widget-spacer,.e-con>.elementor-widget-spacer{width:var(--container-widget-width,var(--spacer-size));--align-self:var(--container-widget-align-self,initial);--flex-shrink:0}.e-con-inner>.elementor-widget-spacer>.elementor-widget-container,.e-con>.elementor-widget-spacer>.elementor-widget-container{height:100%;width:100%}.e-con-inner>.elementor-widget-spacer>.elementor-widget-container>.elementor-spacer,.e-con>.elementor-widget-spacer>.elementor-widget-container>.elementor-spacer{height:100%}.e-con-inner>.elementor-widget-spacer>.elementor-widget-container>.elementor-spacer>.elementor-spacer-inner,.e-con>.elementor-widget-spacer>.elementor-widget-container>.elementor-spacer>.elementor-spacer-inner{height:var(--container-widget-height,var(--spacer-size))}.e-con-inner>.elementor-widget-spacer.elementor-widget-empty,.e-con>.elementor-widget-spacer.elementor-widget-empty{position:relative;min-height:22px;min-width:22px}.e-con-inner>.elementor-widget-spacer.elementor-widget-empty .elementor-widget-empty-icon,.e-con>.elementor-widget-spacer.elementor-widget-empty .elementor-widget-empty-icon{position:absolute;top:0;bottom:0;left:0;right:0;margin:auto;padding:0;width:22px;height:22px}<\/style>\n<style>\/*! elementor - v3.20.0 - 26-03-2024 *\/\n.elementor-heading-title{padding:0;margin:0;line-height:1}.elementor-widget-heading .elementor-heading-title[class*=elementor-size-]>a{color:inherit;font-size:inherit;line-height:inherit}.elementor-widget-heading .elementor-heading-title.elementor-size-small{font-size:15px}.elementor-widget-heading .elementor-heading-title.elementor-size-medium{font-size:19px}.elementor-widget-heading .elementor-heading-title.elementor-size-large{font-size:29px}.elementor-widget-heading .elementor-heading-title.elementor-size-xl{font-size:39px}.elementor-widget-heading .elementor-heading-title.elementor-size-xxl{font-size:59px}<\/style>\n<h2>Bornes de recharge en entreprise<br \/>\n<\/h2>\n<p>Vous \u00eates responsable d\u2019une entreprise et souhaitez installer une borne de recharge pour vos salari\u00e9s, vos visiteurs ou votre flotte de v\u00e9hicules ?<\/p>\n<p>Notre expertise certifi\u00e9e Qualifelec IRVE est compl\u00e8te et le service PulsarEnergies est enti\u00e8rement internalis\u00e9, de l\u2019\u00e9valuation des besoins d\u2019installation de points de charge, \u00e0 la visite technique gratuite et sans engagement n\u00e9cessaire \u00e0 la compr\u00e9hension architecturale du chantier, \u00e0 l\u2019installation effective des bornes de recharge. Un seul interlocuteur vous suit tout au long de votre projet pour installer vos bornes de recharge. Son objectif ? <br \/>Vous apportez une solution 100% sur-mesure.<\/p>\n<style>\/*! elementor - v3.20.0 - 26-03-2024 *\/\n.elementor-widget-image{text-align:center}.elementor-widget-image a{display:inline-block}.elementor-widget-image a img[src$=\".svg\"]{width:48px}.elementor-widget-image img{vertical-align:middle;display:inline-block}<\/style>\n<p>\t\t\t\t\t\t\t\t\t\t<img loading=\"lazy\" decoding=\"async\" width=\"150\" height=\"150\" src=\"https:\/\/pulsarenergies.fr\/wp-content\/uploads\/2024\/03\/793130-200-150x150.png\" alt=\"\" srcset=\"https:\/\/pulsarenergies.fr\/wp-content\/uploads\/2024\/03\/793130-200-150x150.png 150w, https:\/\/pulsarenergies.fr\/wp-content\/uploads\/2024\/03\/793130-200.png 200w\" sizes=\"auto, (max-width: 150px) 100vw, 150px\" \/>\t\t\t\t\t\t\t\t\t\t\t\t\t<\/p>\n<h5>UN SERVICE SUR-MESURE<\/h5>\n<p>Vous proposez des recharges gratuites ou payantes. Acc\u00e8s aux bornes en libre-service plug&amp;charge ou avec un contr\u00f4le d&rsquo;acc\u00e8s par <br \/>RFID.<br \/>Un service accessible pour vos salari\u00e9s, pour vos visiteurs : c&rsquo;est vous qui choisissez.<\/p>\n<p>\t\t\t\t\t\t\t\t\t\t\t\t\t<img loading=\"lazy\" decoding=\"async\" width=\"150\" height=\"150\" src=\"https:\/\/pulsarenergies.fr\/wp-content\/uploads\/2024\/03\/493373-150x150.png\" alt=\"\" srcset=\"https:\/\/pulsarenergies.fr\/wp-content\/uploads\/2024\/03\/493373-150x150.png 150w, https:\/\/pulsarenergies.fr\/wp-content\/uploads\/2024\/03\/493373-300x300.png 300w, https:\/\/pulsarenergies.fr\/wp-content\/uploads\/2024\/03\/493373.png 512w\" sizes=\"auto, (max-width: 150px) 100vw, 150px\" \/>\t\t\t\t\t\t\t\t\t\t\t\t\t<\/p>\n<h5>CHOIX \u00c9CONOMIQUE<\/h5>\n<p>Un v\u00e9hicule \u00e9lectrique est 20% plus \u00e9conomique qu\u2019un v\u00e9hicule thermique : \u00e9nergie abordable, entretien presque inexistant&#8230;<\/p>\n<h4>INSTALLATION<\/h4>\n<p>\t\t\t\t\t\t\t\t\t\t\t\t\t<img loading=\"lazy\" decoding=\"async\" width=\"150\" height=\"150\" src=\"https:\/\/pulsarenergies.fr\/wp-content\/uploads\/2024\/04\/business-group-5115590-4280968-150x150.webp\" alt=\"\" srcset=\"https:\/\/pulsarenergies.fr\/wp-content\/uploads\/2024\/04\/business-group-5115590-4280968-150x150.webp 150w, https:\/\/pulsarenergies.fr\/wp-content\/uploads\/2024\/04\/business-group-5115590-4280968-300x300.webp 300w, https:\/\/pulsarenergies.fr\/wp-content\/uploads\/2024\/04\/business-group-5115590-4280968.webp 450w\" sizes=\"auto, (max-width: 150px) 100vw, 150px\" \/>\t\t\t\t\t\t\t\t\t\t\t\t\t<\/p>\n<h5>POUR VOTRE ENTREPRISE <\/h5>\n<p>Contr\u00f4lez l&rsquo;acc\u00e8s des bornes sur votre parking, optimisez <br \/>la recharge de votre flotte, visualisez en temps r\u00e9el les <br \/>statistiques de recharge&#8230;<\/p>\n<p>\t\t\t\t\t\t\t\t\t\t\t\t\t<img loading=\"lazy\" decoding=\"async\" width=\"150\" height=\"150\" src=\"https:\/\/pulsarenergies.fr\/wp-content\/uploads\/2024\/04\/user-5115591-4280969-150x150.webp\" alt=\"\" srcset=\"https:\/\/pulsarenergies.fr\/wp-content\/uploads\/2024\/04\/user-5115591-4280969-150x150.webp 150w, https:\/\/pulsarenergies.fr\/wp-content\/uploads\/2024\/04\/user-5115591-4280969-300x300.webp 300w, https:\/\/pulsarenergies.fr\/wp-content\/uploads\/2024\/04\/user-5115591-4280969.webp 450w\" sizes=\"auto, (max-width: 150px) 100vw, 150px\" \/>\t\t\t\t\t\t\t\t\t\t\t\t\t<\/p>\n<h5>EQUIPER LE DOMICILE DE VOTRE COLLABORATEUR <\/h5>\n<p>Une borne est install\u00e9e \u00e0 son domicile et les recharges en lien avec son v\u00e9hicule d&rsquo;entreprise vous sont automatiquement factur\u00e9es.\u00a0Des bornes de recharge en location au domicile de vos collaborateurs<\/p>\n","protected":false},"excerpt":{"rendered":"<p>Bornes de recharge en entreprise Vous \u00eates responsable d\u2019une entreprise et souhaitez installer une borne de recharge pour vos salari\u00e9s, vos visiteurs ou votre flotte de v\u00e9hicules ? Notre expertise certifi\u00e9e Qualifelec IRVE est compl\u00e8te et le service PulsarEnergies est enti\u00e8rement internalis\u00e9, de l\u2019\u00e9valuation des besoins d\u2019installation de points de [&hellip;]<\/p>\n","protected":false},"author":1,"featured_media":0,"parent":0,"menu_order":0,"comment_status":"closed","ping_status":"closed","template":"page-templates\/template-pagebuilder-full-width.php","meta":{"footnotes":""},"class_list":["post-10355","page","type-page","status-publish","hentry"],"_links":{"self":[{"href":"https:\/\/pulsarenergies.fr\/index.php\/wp-json\/wp\/v2\/pages\/10355","targetHints":{"allow":["GET"]}}],"collection":[{"href":"https:\/\/pulsarenergies.fr\/index.php\/wp-json\/wp\/v2\/pages"}],"about":[{"href":"https:\/\/pulsarenergies.fr\/index.php\/wp-json\/wp\/v2\/types\/page"}],"author":[{"embeddable":true,"href":"https:\/\/pulsarenergies.fr\/index.php\/wp-json\/wp\/v2\/users\/1"}],"replies":[{"embeddable":true,"href":"https:\/\/pulsarenergies.fr\/index.php\/wp-json\/wp\/v2\/comments?post=10355"}],"version-history":[{"count":43,"href":"https:\/\/pulsarenergies.fr\/index.php\/wp-json\/wp\/v2\/pages\/10355\/revisions"}],"predecessor-version":[{"id":10618,"href":"https:\/\/pulsarenergies.fr\/index.php\/wp-json\/wp\/v2\/pages\/10355\/revisions\/10618"}],"wp:attachment":[{"href":"https:\/\/pulsarenergies.fr\/index.php\/wp-json\/wp\/v2\/media?parent=10355"}],"curies":[{"name":"wp","href":"https:\/\/api.w.org\/{rel}","templated":true}]}}