{"id":10480,"date":"2024-03-16T22:51:09","date_gmt":"2024-03-16T21:51:09","guid":{"rendered":"https:\/\/pulsarenergies.fr\/?page_id=10480"},"modified":"2024-03-16T23:56:25","modified_gmt":"2024-03-16T22:56:25","slug":"a-propos","status":"publish","type":"page","link":"https:\/\/pulsarenergies.fr\/index.php\/a-propos\/","title":{"rendered":"A propos"},"content":{"rendered":"<style>\/*! elementor - v3.20.0 - 13-03-2024 *\/\n.elementor-column .elementor-spacer-inner{height:var(--spacer-size)}.e-con{--container-widget-width:100%}.e-con-inner>.elementor-widget-spacer,.e-con>.elementor-widget-spacer{width:var(--container-widget-width,var(--spacer-size));--align-self:var(--container-widget-align-self,initial);--flex-shrink:0}.e-con-inner>.elementor-widget-spacer>.elementor-widget-container,.e-con>.elementor-widget-spacer>.elementor-widget-container{height:100%;width:100%}.e-con-inner>.elementor-widget-spacer>.elementor-widget-container>.elementor-spacer,.e-con>.elementor-widget-spacer>.elementor-widget-container>.elementor-spacer{height:100%}.e-con-inner>.elementor-widget-spacer>.elementor-widget-container>.elementor-spacer>.elementor-spacer-inner,.e-con>.elementor-widget-spacer>.elementor-widget-container>.elementor-spacer>.elementor-spacer-inner{height:var(--container-widget-height,var(--spacer-size))}.e-con-inner>.elementor-widget-spacer.elementor-widget-empty,.e-con>.elementor-widget-spacer.elementor-widget-empty{position:relative;min-height:22px;min-width:22px}.e-con-inner>.elementor-widget-spacer.elementor-widget-empty .elementor-widget-empty-icon,.e-con>.elementor-widget-spacer.elementor-widget-empty .elementor-widget-empty-icon{position:absolute;top:0;bottom:0;left:0;right:0;margin:auto;padding:0;width:22px;height:22px}<\/style>\n<style>\/*! elementor - v3.20.0 - 13-03-2024 *\/\n.elementor-heading-title{padding:0;margin:0;line-height:1}.elementor-widget-heading .elementor-heading-title[class*=elementor-size-]>a{color:inherit;font-size:inherit;line-height:inherit}.elementor-widget-heading .elementor-heading-title.elementor-size-small{font-size:15px}.elementor-widget-heading .elementor-heading-title.elementor-size-medium{font-size:19px}.elementor-widget-heading .elementor-heading-title.elementor-size-large{font-size:29px}.elementor-widget-heading .elementor-heading-title.elementor-size-xl{font-size:39px}.elementor-widget-heading .elementor-heading-title.elementor-size-xxl{font-size:59px}<\/style>\n<h2>Qui sommes-nous ?<\/h2>\n<style>\/*! elementor - v3.20.0 - 13-03-2024 *\/\n.elementor-widget-image{text-align:center}.elementor-widget-image a{display:inline-block}.elementor-widget-image a img[src$=\".svg\"]{width:48px}.elementor-widget-image img{vertical-align:middle;display:inline-block}<\/style>\n<p>\t\t\t\t\t\t\t\t\t\t<img loading=\"lazy\" decoding=\"async\" width=\"750\" height=\"1000\" src=\"https:\/\/pulsarenergies.fr\/wp-content\/uploads\/2024\/03\/20231012_090724-768x1024.jpg\" alt=\"\" srcset=\"https:\/\/pulsarenergies.fr\/wp-content\/uploads\/2024\/03\/20231012_090724-768x1024.jpg 768w, https:\/\/pulsarenergies.fr\/wp-content\/uploads\/2024\/03\/20231012_090724-225x300.jpg 225w, https:\/\/pulsarenergies.fr\/wp-content\/uploads\/2024\/03\/20231012_090724-1152x1536.jpg 1152w, https:\/\/pulsarenergies.fr\/wp-content\/uploads\/2024\/03\/20231012_090724-1536x2048.jpg 1536w, https:\/\/pulsarenergies.fr\/wp-content\/uploads\/2024\/03\/20231012_090724-scaled.jpg 1920w\" sizes=\"auto, (max-width: 750px) 100vw, 750px\" \/>\t\t\t\t\t\t\t\t\t\t\t\t\t<\/p>\n<p>Le domaine des \u00e9nergies renouvelables connaissant un essor consid\u00e9rable, PulsarEnergies filiale d\u2019Eurofiber s\u2019associe depuis 2016 afin de mettre en avant son expertise r\u00e9seaux \u00e9lectriques et T\u00e9l\u00e9coms dans le dynamique secteur des \u00e9nergies renouvelables.<\/p>\n<p>Optez pour l\u2019avenir de la mobilit\u00e9 \u00e9lectrique et renforcez votre engagement \u00e9cologique en int\u00e9grant une borne de recharge, d\u00e9ploy\u00e9e par PulsarEnergies.<\/p>\n<p>Faites de votre transition vers une mobilit\u00e9 durable une d\u00e9claration concr\u00e8te pour un avenir plus vert.<\/p>\n<p>Notre expertise est compl\u00e8te : nous vous accompagnons dans tous vos projets d\u2019infrastructures de recharge aussi bien en entreprise, en collectivit\u00e9, en copropri\u00e9t\u00e9, et en maison individuelle.<\/p>\n<p>Faites confiance \u00e0 un v\u00e9ritable installateur de borne de recharge pour voiture \u00e9lectrique et hybride rechargeable certifi\u00e9e Qualifelec IRVE.<\/p>\n<h2>Nos r\u00e9alisations<\/h2>\n<style>\/*! elementor - v3.20.0 - 13-03-2024 *\/\n.elementor-image-gallery .gallery-item{display:inline-block;text-align:center;vertical-align:top;width:100%;max-width:100%;margin:0 auto}.elementor-image-gallery .gallery-item img{margin:0 auto}.elementor-image-gallery .gallery-item .gallery-caption{margin:0}.elementor-image-gallery figure img{display:block}.elementor-image-gallery figure figcaption{width:100%}.gallery-spacing-custom .elementor-image-gallery .gallery-icon{padding:0}@media (min-width:768px){.elementor-image-gallery .gallery-columns-2 .gallery-item{max-width:50%}.elementor-image-gallery .gallery-columns-3 .gallery-item{max-width:33.33%}.elementor-image-gallery .gallery-columns-4 .gallery-item{max-width:25%}.elementor-image-gallery .gallery-columns-5 .gallery-item{max-width:20%}.elementor-image-gallery .gallery-columns-6 .gallery-item{max-width:16.666%}.elementor-image-gallery .gallery-columns-7 .gallery-item{max-width:14.28%}.elementor-image-gallery .gallery-columns-8 .gallery-item{max-width:12.5%}.elementor-image-gallery .gallery-columns-9 .gallery-item{max-width:11.11%}.elementor-image-gallery .gallery-columns-10 .gallery-item{max-width:10%}}@media (min-width:480px) and (max-width:767px){.elementor-image-gallery .gallery.gallery-columns-2 .gallery-item,.elementor-image-gallery .gallery.gallery-columns-3 .gallery-item,.elementor-image-gallery .gallery.gallery-columns-4 .gallery-item,.elementor-image-gallery .gallery.gallery-columns-5 .gallery-item,.elementor-image-gallery .gallery.gallery-columns-6 .gallery-item,.elementor-image-gallery .gallery.gallery-columns-7 .gallery-item,.elementor-image-gallery .gallery.gallery-columns-8 .gallery-item,.elementor-image-gallery .gallery.gallery-columns-9 .gallery-item,.elementor-image-gallery .gallery.gallery-columns-10 .gallery-item{max-width:50%}}@media (max-width:479px){.elementor-image-gallery .gallery.gallery-columns-2 .gallery-item,.elementor-image-gallery .gallery.gallery-columns-3 .gallery-item,.elementor-image-gallery .gallery.gallery-columns-4 .gallery-item,.elementor-image-gallery .gallery.gallery-columns-5 .gallery-item,.elementor-image-gallery .gallery.gallery-columns-6 .gallery-item,.elementor-image-gallery .gallery.gallery-columns-7 .gallery-item,.elementor-image-gallery .gallery.gallery-columns-8 .gallery-item,.elementor-image-gallery .gallery.gallery-columns-9 .gallery-item,.elementor-image-gallery .gallery.gallery-columns-10 .gallery-item{max-width:100%}}<\/style>\n<style type=\"text\/css\">\n\t\t\t#gallery-1 {\n\t\t\t\tmargin: auto;\n\t\t\t}\n\t\t\t#gallery-1 .gallery-item {\n\t\t\t\tfloat: left;\n\t\t\t\tmargin-top: 10px;\n\t\t\t\ttext-align: center;\n\t\t\t\twidth: 50%;\n\t\t\t}\n\t\t\t#gallery-1 img {\n\t\t\t\tborder: 2px solid #cfcfcf;\n\t\t\t}\n\t\t\t#gallery-1 .gallery-caption {\n\t\t\t\tmargin-left: 0;\n\t\t\t}\n\t\t\t\/* see gallery_shortcode() in wp-includes\/media.php *\/\n\t\t<\/style>\n<dl class='gallery-item'>\n<dt class='gallery-icon landscape'>\n\t\t\t\t<a data-elementor-open-lightbox=\"yes\" data-elementor-lightbox-slideshow=\"e01d2db\" data-elementor-lightbox-title=\"Parking-prive-flottes-et-salaries-professionnels des services de l&#039;automobile\" data-e-action-hash=\"#elementor-action%3Aaction%3Dlightbox%26settings%3DeyJpZCI6NDQ2NCwidXJsIjoiaHR0cHM6XC9cL3B1bHNhcmVuZXJnaWVzLmZyXC93cC1jb250ZW50XC91cGxvYWRzXC8yMDIzXC8wOVwvQ2FwdHVyZS0xLnBuZyIsInNsaWRlc2hvdyI6ImUwMWQyZGIifQ%3D%3D\" href='https:\/\/pulsarenergies.fr\/wp-content\/uploads\/2023\/09\/Capture-1.png'><img loading=\"lazy\" width=\"360\" height=\"240\" src=\"https:\/\/pulsarenergies.fr\/wp-content\/uploads\/2023\/09\/Capture-1-360x240.png\" alt=\"Parking-prive-flottes-et-salaries-professionnels des services de l&#039;automobile\" aria-describedby=\"gallery-1-4464\" decoding=\"async\" \/><\/a>\n\t\t\t<\/dt>\n<dd class='wp-caption-text gallery-caption' id='gallery-1-4464'>\n\t\t\t\tParking-prive-flottes-et-salaries-professionnels des services de l&rsquo;automobile\n\t\t\t\t<\/dd>\n<\/dl>\n<dl class='gallery-item'>\n<dt class='gallery-icon portrait'>\n\t\t\t\t<a data-elementor-open-lightbox=\"yes\" data-elementor-lightbox-slideshow=\"e01d2db\" data-elementor-lightbox-title=\"Point de recharge ouvert \u00e0 tout public sur parking priv\u00e9\" data-e-action-hash=\"#elementor-action%3Aaction%3Dlightbox%26settings%3DeyJpZCI6NDQ2NiwidXJsIjoiaHR0cHM6XC9cL3B1bHNhcmVuZXJnaWVzLmZyXC93cC1jb250ZW50XC91cGxvYWRzXC8yMDIzXC8wOVwvQ2FwdHVyZTMtMS5wbmciLCJzbGlkZXNob3ciOiJlMDFkMmRiIn0%3D\" data-elementor-lightbox-description=\"Point de recharge ouvert \u00e0 tout public sur parking priv\u00e9 \n\" href='https:\/\/pulsarenergies.fr\/wp-content\/uploads\/2023\/09\/Capture3-1.png'><img loading=\"lazy\" width=\"360\" height=\"240\" src=\"https:\/\/pulsarenergies.fr\/wp-content\/uploads\/2023\/09\/Capture3-1-360x240.png\" alt=\"Point de recharge ouvert \u00e0 tout public sur parking priv\u00e9\" aria-describedby=\"gallery-1-4466\" decoding=\"async\" \/><\/a>\n\t\t\t<\/dt>\n<dd class='wp-caption-text gallery-caption' id='gallery-1-4466'>\n\t\t\t\tPoint de recharge ouvert \u00e0 tout public sur parking priv\u00e9\n\t\t\t\t<\/dd>\n<\/dl>\n<p><br style=\"clear: both\" \/><\/p>\n<dl class='gallery-item'>\n<dt class='gallery-icon landscape'>\n\t\t\t\t<a data-elementor-open-lightbox=\"yes\" data-elementor-lightbox-slideshow=\"e01d2db\" data-elementor-lightbox-title=\"Point de recharge individuel\" data-e-action-hash=\"#elementor-action%3Aaction%3Dlightbox%26settings%3DeyJpZCI6NDkwNiwidXJsIjoiaHR0cHM6XC9cL3B1bHNhcmVuZXJnaWVzLmZyXC93cC1jb250ZW50XC91cGxvYWRzXC8yMDIzXC8xMFwvQ2FwdHVyZTItMS5wbmciLCJzbGlkZXNob3ciOiJlMDFkMmRiIn0%3D\" data-elementor-lightbox-description=\"Point de recharge individuel\" href='https:\/\/pulsarenergies.fr\/wp-content\/uploads\/2023\/10\/Capture2-1.png'><img loading=\"lazy\" width=\"360\" height=\"240\" src=\"https:\/\/pulsarenergies.fr\/wp-content\/uploads\/2023\/10\/Capture2-1-360x240.png\" alt=\"Point de recharge individuel\" aria-describedby=\"gallery-1-4906\" decoding=\"async\" \/><\/a>\n\t\t\t<\/dt>\n<dd class='wp-caption-text gallery-caption' id='gallery-1-4906'>\n\t\t\t\tPoint de recharge individuel\n\t\t\t\t<\/dd>\n<\/dl>\n<dl class='gallery-item'>\n<dt class='gallery-icon portrait'>\n\t\t\t\t<a data-elementor-open-lightbox=\"yes\" data-elementor-lightbox-slideshow=\"e01d2db\" data-elementor-lightbox-title=\"20231012_085132\" data-e-action-hash=\"#elementor-action%3Aaction%3Dlightbox%26settings%3DeyJpZCI6OTg4NiwidXJsIjoiaHR0cHM6XC9cL3B1bHNhcmVuZXJnaWVzLmZyXC93cC1jb250ZW50XC91cGxvYWRzXC8yMDI0XC8wM1wvMjAyMzEwMTJfMDg1MTMyLXNjYWxlZC5qcGciLCJzbGlkZXNob3ciOiJlMDFkMmRiIn0%3D\" data-elementor-lightbox-description=\"Point de recharge individuel\" href='https:\/\/pulsarenergies.fr\/wp-content\/uploads\/2024\/03\/20231012_085132-scaled.jpg'><img loading=\"lazy\" width=\"360\" height=\"240\" src=\"https:\/\/pulsarenergies.fr\/wp-content\/uploads\/2024\/03\/20231012_085132-360x240.jpg\" alt=\"\" decoding=\"async\" \/><\/a>\n\t\t\t<\/dt>\n<\/dl>\n<p><br style=\"clear: both\" \/><\/p>\n<dl class='gallery-item'>\n<dt class='gallery-icon portrait'>\n\t\t\t\t<a data-elementor-open-lightbox=\"yes\" data-elementor-lightbox-slideshow=\"e01d2db\" data-elementor-lightbox-title=\"20231012_090703\" data-e-action-hash=\"#elementor-action%3Aaction%3Dlightbox%26settings%3DeyJpZCI6OTg4NywidXJsIjoiaHR0cHM6XC9cL3B1bHNhcmVuZXJnaWVzLmZyXC93cC1jb250ZW50XC91cGxvYWRzXC8yMDI0XC8wM1wvMjAyMzEwMTJfMDkwNzAzLXNjYWxlZC5qcGciLCJzbGlkZXNob3ciOiJlMDFkMmRiIn0%3D\" data-elementor-lightbox-description=\"Point de recharge individuel\" href='https:\/\/pulsarenergies.fr\/wp-content\/uploads\/2024\/03\/20231012_090703-scaled.jpg'><img loading=\"lazy\" width=\"360\" height=\"240\" src=\"https:\/\/pulsarenergies.fr\/wp-content\/uploads\/2024\/03\/20231012_090703-360x240.jpg\" alt=\"\" decoding=\"async\" \/><\/a>\n\t\t\t<\/dt>\n<\/dl>\n<dl class='gallery-item'>\n<dt class='gallery-icon portrait'>\n\t\t\t\t<a data-elementor-open-lightbox=\"yes\" data-elementor-lightbox-slideshow=\"e01d2db\" data-elementor-lightbox-title=\"20231012_090716\" data-e-action-hash=\"#elementor-action%3Aaction%3Dlightbox%26settings%3DeyJpZCI6OTg4OCwidXJsIjoiaHR0cHM6XC9cL3B1bHNhcmVuZXJnaWVzLmZyXC93cC1jb250ZW50XC91cGxvYWRzXC8yMDI0XC8wM1wvMjAyMzEwMTJfMDkwNzE2LXNjYWxlZC5qcGciLCJzbGlkZXNob3ciOiJlMDFkMmRiIn0%3D\" data-elementor-lightbox-description=\"Point de recharge individuel\" href='https:\/\/pulsarenergies.fr\/wp-content\/uploads\/2024\/03\/20231012_090716-scaled.jpg'><img loading=\"lazy\" width=\"360\" height=\"240\" src=\"https:\/\/pulsarenergies.fr\/wp-content\/uploads\/2024\/03\/20231012_090716-360x240.jpg\" alt=\"\" decoding=\"async\" \/><\/a>\n\t\t\t<\/dt>\n<\/dl>\n<p><br style=\"clear: both\" \/><\/p>\n<dl class='gallery-item'>\n<dt class='gallery-icon portrait'>\n\t\t\t\t<a data-elementor-open-lightbox=\"yes\" data-elementor-lightbox-slideshow=\"e01d2db\" data-elementor-lightbox-title=\"20231012_092746\" data-e-action-hash=\"#elementor-action%3Aaction%3Dlightbox%26settings%3DeyJpZCI6OTg4OSwidXJsIjoiaHR0cHM6XC9cL3B1bHNhcmVuZXJnaWVzLmZyXC93cC1jb250ZW50XC91cGxvYWRzXC8yMDI0XC8wM1wvMjAyMzEwMTJfMDkyNzQ2LXNjYWxlZC5qcGciLCJzbGlkZXNob3ciOiJlMDFkMmRiIn0%3D\" data-elementor-lightbox-description=\"Point de recharge individuel\" href='https:\/\/pulsarenergies.fr\/wp-content\/uploads\/2024\/03\/20231012_092746-scaled.jpg'><img loading=\"lazy\" width=\"360\" height=\"240\" src=\"https:\/\/pulsarenergies.fr\/wp-content\/uploads\/2024\/03\/20231012_092746-360x240.jpg\" alt=\"\" decoding=\"async\" \/><\/a>\n\t\t\t<\/dt>\n<\/dl>\n<dl class='gallery-item'>\n<dt class='gallery-icon portrait'>\n\t\t\t\t<a data-elementor-open-lightbox=\"yes\" data-elementor-lightbox-slideshow=\"e01d2db\" data-elementor-lightbox-title=\"20231012_092817\" data-e-action-hash=\"#elementor-action%3Aaction%3Dlightbox%26settings%3DeyJpZCI6OTg5MiwidXJsIjoiaHR0cHM6XC9cL3B1bHNhcmVuZXJnaWVzLmZyXC93cC1jb250ZW50XC91cGxvYWRzXC8yMDI0XC8wM1wvMjAyMzEwMTJfMDkyODE3LXNjYWxlZC5qcGciLCJzbGlkZXNob3ciOiJlMDFkMmRiIn0%3D\" data-elementor-lightbox-description=\"Point de recharge individuel\" href='https:\/\/pulsarenergies.fr\/wp-content\/uploads\/2024\/03\/20231012_092817-scaled.jpg'><img loading=\"lazy\" width=\"360\" height=\"240\" src=\"https:\/\/pulsarenergies.fr\/wp-content\/uploads\/2024\/03\/20231012_092817-360x240.jpg\" alt=\"\" decoding=\"async\" \/><\/a>\n\t\t\t<\/dt>\n<\/dl>\n<p><br style=\"clear: both\" \/><\/p>\n","protected":false},"excerpt":{"rendered":"<p>Qui sommes-nous ? Le domaine des \u00e9nergies renouvelables connaissant un essor consid\u00e9rable, PulsarEnergies filiale d\u2019Eurofiber s\u2019associe depuis 2016 afin de mettre en avant son expertise r\u00e9seaux \u00e9lectriques et T\u00e9l\u00e9coms dans le dynamique secteur des \u00e9nergies renouvelables. Optez pour l\u2019avenir de la mobilit\u00e9 \u00e9lectrique et renforcez votre engagement \u00e9cologique en int\u00e9grant [&hellip;]<\/p>\n","protected":false},"author":1,"featured_media":0,"parent":0,"menu_order":0,"comment_status":"closed","ping_status":"closed","template":"page-templates\/template-pagebuilder-full-width.php","meta":{"footnotes":""},"class_list":["post-10480","page","type-page","status-publish","hentry"],"_links":{"self":[{"href":"https:\/\/pulsarenergies.fr\/index.php\/wp-json\/wp\/v2\/pages\/10480","targetHints":{"allow":["GET"]}}],"collection":[{"href":"https:\/\/pulsarenergies.fr\/index.php\/wp-json\/wp\/v2\/pages"}],"about":[{"href":"https:\/\/pulsarenergies.fr\/index.php\/wp-json\/wp\/v2\/types\/page"}],"author":[{"embeddable":true,"href":"https:\/\/pulsarenergies.fr\/index.php\/wp-json\/wp\/v2\/users\/1"}],"replies":[{"embeddable":true,"href":"https:\/\/pulsarenergies.fr\/index.php\/wp-json\/wp\/v2\/comments?post=10480"}],"version-history":[{"count":13,"href":"https:\/\/pulsarenergies.fr\/index.php\/wp-json\/wp\/v2\/pages\/10480\/revisions"}],"predecessor-version":[{"id":10557,"href":"https:\/\/pulsarenergies.fr\/index.php\/wp-json\/wp\/v2\/pages\/10480\/revisions\/10557"}],"wp:attachment":[{"href":"https:\/\/pulsarenergies.fr\/index.php\/wp-json\/wp\/v2\/media?parent=10480"}],"curies":[{"name":"wp","href":"https:\/\/api.w.org\/{rel}","templated":true}]}}