{"id":2,"date":"2023-09-19T12:16:03","date_gmt":"2023-09-19T10:16:03","guid":{"rendered":"https:\/\/bestnetworkdeal.com\/vitrine\/?page_id=2"},"modified":"2024-04-08T01:29:37","modified_gmt":"2024-04-07T23:29:37","slug":"page-d-exemple","status":"publish","type":"page","link":"https:\/\/pulsarenergies.fr\/","title":{"rendered":"Page d\u2019exemple"},"content":{"rendered":"<style>\/*! elementor-pro - v3.16.0 - 14-09-2023 *\/\n.elementor-slides .swiper-slide-bg{background-size:cover;background-position:50%;background-repeat:no-repeat;min-width:100%;min-height:100%}.elementor-slides .swiper-slide-inner{background-repeat:no-repeat;background-position:50%;position:absolute;top:0;left:0;bottom:0;right:0;padding:50px;margin:auto}.elementor-slides .swiper-slide-inner,.elementor-slides .swiper-slide-inner:hover{color:#fff;display:flex}.elementor-slides .swiper-slide-inner .elementor-background-overlay{position:absolute;z-index:0;top:0;bottom:0;left:0;right:0}.elementor-slides .swiper-slide-inner .elementor-slide-content{position:relative;z-index:1;width:100%}.elementor-slides .swiper-slide-inner .elementor-slide-heading{font-size:35px;font-weight:700;line-height:1}.elementor-slides .swiper-slide-inner .elementor-slide-description{font-size:17px;line-height:1.4}.elementor-slides .swiper-slide-inner .elementor-slide-description:not(:last-child),.elementor-slides .swiper-slide-inner .elementor-slide-heading:not(:last-child){margin-bottom:30px}.elementor-slides .swiper-slide-inner .elementor-slide-button{border:2px solid #fff;color:#fff;background:transparent;display:inline-block}.elementor-slides .swiper-slide-inner .elementor-slide-button,.elementor-slides .swiper-slide-inner .elementor-slide-button:hover{background:transparent;color:inherit;text-decoration:none}.elementor--v-position-top .swiper-slide-inner{align-items:flex-start}.elementor--v-position-bottom .swiper-slide-inner{align-items:flex-end}.elementor--v-position-middle .swiper-slide-inner{align-items:center}.elementor--h-position-left .swiper-slide-inner{justify-content:flex-start}.elementor--h-position-right .swiper-slide-inner{justify-content:flex-end}.elementor--h-position-center .swiper-slide-inner{justify-content:center}body.rtl .elementor-widget-slides .elementor-swiper-button-next{left:10px;right:auto}body.rtl .elementor-widget-slides .elementor-swiper-button-prev{right:10px;left:auto}.elementor-slides-wrapper div:not(.swiper-slide)>.swiper-slide-inner{display:none}@media (max-width:767px){.elementor-slides .swiper-slide-inner{padding:30px}.elementor-slides .swiper-slide-inner .elementor-slide-heading{font-size:23px;line-height:1;margin-bottom:15px}.elementor-slides .swiper-slide-inner .elementor-slide-description{font-size:13px;line-height:1.4;margin-bottom:15px}}<\/style>\n<p>\t\t\t\t\t\t\t\t\t\tPULSAR ENERGIESVotre installateur de bornes de recharge pour v\u00e9hicules \u00e9lectriques et hybride rechargeable<a href=\"#nos_offres\">Explorer nos offres<\/a>\t\t\t\t<\/p>\n<style>\/*! elementor - v3.20.0 - 26-03-2024 *\/\n.elementor-column .elementor-spacer-inner{height:var(--spacer-size)}.e-con{--container-widget-width:100%}.e-con-inner>.elementor-widget-spacer,.e-con>.elementor-widget-spacer{width:var(--container-widget-width,var(--spacer-size));--align-self:var(--container-widget-align-self,initial);--flex-shrink:0}.e-con-inner>.elementor-widget-spacer>.elementor-widget-container,.e-con>.elementor-widget-spacer>.elementor-widget-container{height:100%;width:100%}.e-con-inner>.elementor-widget-spacer>.elementor-widget-container>.elementor-spacer,.e-con>.elementor-widget-spacer>.elementor-widget-container>.elementor-spacer{height:100%}.e-con-inner>.elementor-widget-spacer>.elementor-widget-container>.elementor-spacer>.elementor-spacer-inner,.e-con>.elementor-widget-spacer>.elementor-widget-container>.elementor-spacer>.elementor-spacer-inner{height:var(--container-widget-height,var(--spacer-size))}.e-con-inner>.elementor-widget-spacer.elementor-widget-empty,.e-con>.elementor-widget-spacer.elementor-widget-empty{position:relative;min-height:22px;min-width:22px}.e-con-inner>.elementor-widget-spacer.elementor-widget-empty .elementor-widget-empty-icon,.e-con>.elementor-widget-spacer.elementor-widget-empty .elementor-widget-empty-icon{position:absolute;top:0;bottom:0;left:0;right:0;margin:auto;padding:0;width:22px;height:22px}<\/style>\n<p>PulsarEnergies,certifi\u00e9e Qualifelec IRVE, est une soci\u00e9t\u00e9 sp\u00e9cialis\u00e9e dans l\u2019installation de borne de recharge pour v\u00e9hicules \u00e9lectriques.<\/p>\n<p>Nous intervenons principalement en Ile-De-France,Haut de France et Loire-Atlantique pour les particuliers et les professionnels.<\/p>\n<p>Nous apportons des solutions de recharge qui s\u2019adaptent \u00e0 tous types de v\u00e9hicules \u00e9lectriques, tant ceux d\u2019aujourd\u2019hui que ceux de demain.<\/p>\n<p>\t\t\t\t<a href=\"https:\/\/www.qualifelec.fr\/\" target=\"_blank\" rel=\"noopener\"><br \/>\n\t\t\t\t\t\t\t\t\t\t\t<img decoding=\"async\" src=\"https:\/\/pulsarenergies.fr\/wp-content\/uploads\/2024\/03\/qualifelec.png\" alt=\"\"\/><\/p>\n<p>Notre comp\u00e9tence d\u2019installateur de point de recharge pour v\u00e9hicule \u00e9lectriques et hybrides rechargeables est reconnue par Qualifelec.Nos \u00e9lectriciens sont form\u00e9s \u00e0 la mise en place des infrastructures de recharge pour v\u00e9hicule \u00e9lectriques.<\/p>\n<p>\t\t\t\t<\/a><br \/>\n\t\t\t\t<a href=\"https:\/\/advenir.mobi\/\" target=\"_blank\" rel=\"noopener\"><br \/>\n\t\t\t\t\t\t\t\t\t\t\t<img decoding=\"async\" src=\"https:\/\/pulsarenergies.fr\/wp-content\/uploads\/2024\/03\/advenir.png\" alt=\"\"\/><\/p>\n<p>Le programmes Advenir finance l\u2019installation de bornes de recharge pour v\u00e9hicules \u00e9lectriques rechargeables et hybrides en entreprise et en copropri\u00e9t\u00e9. Toutes les offres de PulsarEnergies Sont labellis\u00e9es par Advenir : la prime est accept\u00e9e Automatiquement<\/p>\n<p>\t\t\t\t<\/a>\t\t\t<\/p>\n<style>\/*! elementor - v3.20.0 - 26-03-2024 *\/\n.elementor-heading-title{padding:0;margin:0;line-height:1}.elementor-widget-heading .elementor-heading-title[class*=elementor-size-]>a{color:inherit;font-size:inherit;line-height:inherit}.elementor-widget-heading .elementor-heading-title.elementor-size-small{font-size:15px}.elementor-widget-heading .elementor-heading-title.elementor-size-medium{font-size:19px}.elementor-widget-heading .elementor-heading-title.elementor-size-large{font-size:29px}.elementor-widget-heading .elementor-heading-title.elementor-size-xl{font-size:39px}.elementor-widget-heading .elementor-heading-title.elementor-size-xxl{font-size:59px}<\/style>\n<h2>Nos offres<\/h2>\n<p>La mobilit\u00e9 \u00e9volue \u00e0 grands pas, les v\u00e9hicules \u00e9lectriques gagnent du terrain. PULSARENERGIES prend en charge vos projets :<\/p>\n<style>\/*! elementor - v3.20.0 - 26-03-2024 *\/\n.elementor-widget-image{text-align:center}.elementor-widget-image a{display:inline-block}.elementor-widget-image a img[src$=\".svg\"]{width:48px}.elementor-widget-image img{vertical-align:middle;display:inline-block}<\/style>\n<p>\t\t\t\t\t\t\t\t\t\t<img loading=\"lazy\" decoding=\"async\" width=\"150\" height=\"150\" src=\"https:\/\/pulsarenergies.fr\/wp-content\/uploads\/2024\/03\/5668419-150x150.png\" alt=\"\" \/>\t\t\t\t\t\t\t\t\t\t\t\t\t<\/p>\n<h5>Entreprises<\/h5>\n<p>Vous \u00eates une entreprise et souhaitez installer une borne de recharge pour vos salari\u00e9s, vos visiteurs ou votre flotte de v\u00e9hicules.<\/p>\n<p>\t\t\t<a href=\"https:\/\/pulsarenergies.fr\/index.php\/entreprise\/\"><br \/>\n\t\t\t\t\t\tD\u00e9couvrir nos solutions<br \/>\n\t\t\t\t\t<\/a><br \/>\n\t\t\t\t\t\t\t\t\t\t\t\t\t<img loading=\"lazy\" decoding=\"async\" width=\"150\" height=\"150\" src=\"https:\/\/pulsarenergies.fr\/wp-content\/uploads\/2024\/03\/skyline-8997423-7389410-150x150.png\" alt=\"\" srcset=\"https:\/\/pulsarenergies.fr\/wp-content\/uploads\/2024\/03\/skyline-8997423-7389410-150x150.png 150w, https:\/\/pulsarenergies.fr\/wp-content\/uploads\/2024\/03\/skyline-8997423-7389410-300x300.png 300w, https:\/\/pulsarenergies.fr\/wp-content\/uploads\/2024\/03\/skyline-8997423-7389410.png 450w\" sizes=\"auto, (max-width: 150px) 100vw, 150px\" \/>\t\t\t\t\t\t\t\t\t\t\t\t\t<\/p>\n<h5>Copropri\u00e9t\u00e9s<\/h5>\n<p>Vous \u00eates une copropri\u00e9t\u00e9 et souhaitez proposer un service de recharge aux propri\u00e9taires\/locataires de l\u2019immeuble. Soyer propri\u00e9taire de votre borne de recharge avec une solution collective (pr\u00e9-\u00e9quipement) ou individuelle (droit \u00e0 la prise).<\/p>\n<p>\t\t\t<a href=\"https:\/\/pulsarenergies.fr\/index.php\/copropriete\/\"><br \/>\n\t\t\t\t\t\tD\u00e9couvrir nos solutions<br \/>\n\t\t\t\t\t<\/a><br \/>\n\t\t\t\t\t\t\t\t\t\t\t\t\t<img loading=\"lazy\" decoding=\"async\" width=\"150\" height=\"150\" src=\"https:\/\/pulsarenergies.fr\/wp-content\/uploads\/2024\/03\/4024760-150x150.png\" alt=\"\" srcset=\"https:\/\/pulsarenergies.fr\/wp-content\/uploads\/2024\/03\/4024760-150x150.png 150w, https:\/\/pulsarenergies.fr\/wp-content\/uploads\/2024\/03\/4024760-300x300.png 300w, https:\/\/pulsarenergies.fr\/wp-content\/uploads\/2024\/03\/4024760.png 450w\" sizes=\"auto, (max-width: 150px) 100vw, 150px\" \/>\t\t\t\t\t\t\t\t\t\t\t\t\t<\/p>\n<h5>Maisons<\/h5>\n<p>Vous \u00eates propri\u00e9taire d\u2019un v\u00e9hicule \u00e9lectrique et vous souhaitez vous recharger chez vous en toute s\u00e9curit\u00e9.<\/p>\n<p>\t\t\t<a href=\"https:\/\/pulsarenergies.fr\/index.php\/domicile\/\"><br \/>\n\t\t\t\t\t\tD\u00e9couvrir nos solutions<br \/>\n\t\t\t\t\t<\/a><\/p>\n<h2> Nos services<\/h2>\n<h2>Borne de recharge \u00e9lectrique <\/h2>\n<p>Les \u00e9quipes de PULSARENERGIES sont des sp\u00e9cialistes qui ont toutes les comp\u00e9tences requises pour l\u2019\u00e9tude et conception, l\u2019installation, la maintenance, bornes de recharges \u00e9lectriques<\/p>\n<p>\u00a0Notre priorit\u00e9 est la satisfaction de nos clients avec lesquels nous entretenons une relation de confiance. Notre engagement est de respecter les d\u00e9lais de r\u00e9alisation pr\u00e9\u00e9tablis et de vous accompagner \u00e0 toutes les \u00e9tapes de vos projets IRVE.<\/p>\n<p>\t\t\t\t\t\t\t\t\t\t\t\t\t<img loading=\"lazy\" decoding=\"async\" width=\"750\" height=\"422\" src=\"https:\/\/pulsarenergies.fr\/wp-content\/uploads\/2023\/10\/iStock-1367817408-768x432-min.png\" alt=\"\" srcset=\"https:\/\/pulsarenergies.fr\/wp-content\/uploads\/2023\/10\/iStock-1367817408-768x432-min.png 768w, https:\/\/pulsarenergies.fr\/wp-content\/uploads\/2023\/10\/iStock-1367817408-768x432-min-300x169.png 300w\" sizes=\"auto, (max-width: 750px) 100vw, 750px\" \/>\t\t\t\t\t\t\t\t\t\t\t\t\t<\/p>\n<h4>Maintenance<\/h4>\n<p>Suite \u00e0 l\u2019installation de votre borne de recharge,\u00a0vous pouvez signer un\u00a0contrat de maintenancepour borne de recharge<br \/>\n\u00a0Nous mettons \u00e0 votre disposition des experts qualifi\u00e9s pour assure la maintenance et l\u2019entretien de vos bornes de recharge<\/p>\n<p>\t\t\t\t<\/a>\t\t\t<\/p>\n<h4>Etude et Conception\u200b<\/h4>\n<p>Avant tout engagement de votre part, notre \u00e9lectricien certifi\u00e9 se d\u00e9placera chez vous pour r\u00e9aliser l\u2019\u00e9tude technique de, v\u00e9rifier la faisabilit\u00e9 du projet et vous proposera un devis adapt\u00e9 \u00e0 votre situation.<\/p>\n<p>\t\t\t\t<\/a>\t\t\t<\/p>\n<h4>Installation<\/h4>\n<p>Apr\u00e8s l\u2019\u00e9tude de faisabilit\u00e9, les installateurs chez Pulsar Energies interviennent pour installer la borne de recharge \u00e9lectrique pour v\u00e9hicule,\u00a0\u00e0 domicileou sur des parkings priv\u00e9 ou public.<\/p>\n<p>\t\t\t\t<\/a>\t\t\t<\/p>\n<h4>Contactez nous<\/h4>\n<link rel=\"stylesheet\" href=\"https:\/\/pulsarenergies.fr\/wp-content\/plugins\/elementor\/assets\/css\/widget-icon-list.min.css\">\n<ul>\n<li>\n\t\t\t\t\t\t\t\t\t\t06.33.26.04.76\n\t\t\t\t\t\t\t\t\t<\/li>\n<li>\n\t\t\t\t\t\t\t\t\t\tPilotage.pulsar@gmail.com\n\t\t\t\t\t\t\t\t\t<\/li>\n<li>\n\t\t\t\t\t\t\t\t\t\t6 Rue Docteur Albert  Schweitzer 91420 Morangis\n\t\t\t\t\t\t\t\t\t<\/li>\n<\/ul>\n<h4>Demander un devis<\/h4>\n<p>vous avez un projet d&rsquo;installation de bornes de recharge?<\/p>\n<p>\t\t\t<a href=\"https:\/\/pulsarenergies.fr\/index.php\/demande-de-devis\/\"><br \/>\n\t\t\t\t\t\tDevis en ligne en 30 secondes<br \/>\n\t\t\t\t\t<\/a><\/p>\n","protected":false},"excerpt":{"rendered":"<p>PULSAR ENERGIESVotre installateur de bornes de recharge pour v\u00e9hicules \u00e9lectriques et hybride rechargeableExplorer nos offres PulsarEnergies,certifi\u00e9e Qualifelec IRVE, est une soci\u00e9t\u00e9 sp\u00e9cialis\u00e9e dans l\u2019installation de borne de recharge pour v\u00e9hicules \u00e9lectriques. Nous intervenons principalement en Ile-De-France,Haut de France et Loire-Atlantique pour les particuliers et les professionnels. Nous apportons des solutions [&hellip;]<\/p>\n","protected":false},"author":1,"featured_media":0,"parent":0,"menu_order":0,"comment_status":"closed","ping_status":"open","template":"","meta":{"footnotes":""},"class_list":["post-2","page","type-page","status-publish","hentry"],"_links":{"self":[{"href":"https:\/\/pulsarenergies.fr\/index.php\/wp-json\/wp\/v2\/pages\/2","targetHints":{"allow":["GET"]}}],"collection":[{"href":"https:\/\/pulsarenergies.fr\/index.php\/wp-json\/wp\/v2\/pages"}],"about":[{"href":"https:\/\/pulsarenergies.fr\/index.php\/wp-json\/wp\/v2\/types\/page"}],"author":[{"embeddable":true,"href":"https:\/\/pulsarenergies.fr\/index.php\/wp-json\/wp\/v2\/users\/1"}],"replies":[{"embeddable":true,"href":"https:\/\/pulsarenergies.fr\/index.php\/wp-json\/wp\/v2\/comments?post=2"}],"version-history":[{"count":837,"href":"https:\/\/pulsarenergies.fr\/index.php\/wp-json\/wp\/v2\/pages\/2\/revisions"}],"predecessor-version":[{"id":10597,"href":"https:\/\/pulsarenergies.fr\/index.php\/wp-json\/wp\/v2\/pages\/2\/revisions\/10597"}],"wp:attachment":[{"href":"https:\/\/pulsarenergies.fr\/index.php\/wp-json\/wp\/v2\/media?parent=2"}],"curies":[{"name":"wp","href":"https:\/\/api.w.org\/{rel}","templated":true}]}}